{"id":141,"date":"2016-07-07T11:33:33","date_gmt":"2016-07-07T10:33:33","guid":{"rendered":"https:\/\/schutternerbaerle.de\/?page_id=141"},"modified":"2023-11-05T12:10:15","modified_gmt":"2023-11-05T11:10:15","slug":"impressum","status":"publish","type":"page","link":"https:\/\/schutternerbaerle.de\/?page_id=141","title":{"rendered":"Impressum"},"content":{"rendered":"<div id=\"content\">\n<div class=\"zpRow standard \">\n<div class=\"zpColumn zpColumnWidth1\">\n<div class=\"zpColumnItem\">\n<div id=\"a1345\" class=\"articlearea\" style=\"text-align: center;\">\n<h1 style=\"text-align: center;\"><i><strong>Haftungsausschluss<\/strong> <\/i><\/h1>\n<p style=\"text-align: center;\"><i><strong>Inhaltlich Verantwortlicher:<\/strong><br \/>\n<\/i><i>Nicole Jundt<\/i><\/p>\n<h3 style=\"text-align: center;\"><\/h3>\n<h3 style=\"text-align: center;\"><strong><i>Urheberrecht<\/i><\/strong><\/h3>\n<p style=\"text-align: center;\"><i>Die durch den Seitenbetreiber erstellten Inhalte und Werke auf diesen Seiten unterliegen dem deutschen Urheberrecht. Die Vervielf\u00e4ltigung, Bearbeitung, Verbreitung und jede Art der Verwertung au\u00dferhalb der Grenzen des Urheberrechtes bed\u00fcrfen der schriftlichen Zustimmung von Nicole Jundt<br \/>\n<\/i><\/p>\n<h3 style=\"text-align: center;\"><\/h3>\n<h3 style=\"text-align: center;\"><i><strong>Inhalt der Homepage<\/strong> <\/i><\/h3>\n<p><i>Ich \u00fcbernehme keinerlei Gew\u00e4hr f\u00fcr die<\/i> <i>Korrektheit,<\/i>\u00a0<i> Aktualit\u00e4t,\u00a0\u00a0 Vollst\u00e4ndigkeit oder Qualit\u00e4t der bereitgestellten Informationen. Haftungsanspr\u00fcche gegen mich, welche sich auf Sch\u00e4den materieller oder ideeller Art beziehen, die durch die Nutzung oder Nichtnutzung der zur Verf\u00fcgung gestellten Informationen verursacht werden, sind grunds\u00e4tzlich ausgeschlossen, sofern meinerseits kein nachweislich vors\u00e4tzliches oder grob fahrl\u00e4ssiges Verschulden vorliegt. <\/i><\/p>\n<\/div>\n<div class=\"articlearea\">\n<p style=\"text-align: center;\"><strong><i>Diese Homepage wurde erstellt von:<\/i><\/strong><\/p>\n<p style=\"text-align: center;\"><i>Nicole Jundt<br \/>\nIm Oberdorf 44<br \/>\n77948 Friesenheim<br \/>\nnicole@jundts.de<br \/>\n<\/i><\/p>\n<\/div>\n<\/div>\n<\/div>\n<\/div>\n<div class=\"zpRow standard \" style=\"text-align: center;\">\n<div class=\"zpColumn zpColumnWidth1\">\n<div class=\"zpColumnItem\">\n<div id=\"a1344\" class=\"articlearea\">\n<h3><\/h3>\n<h3><strong>Haftungshinweis<\/strong><\/h3>\n<p><em>Trotz sorgf\u00e4ltiger inhaltlicher Kontrolle \u00fcbernehmen wir keine Haftung f\u00fcr die Inhalte externer Links. F\u00fcr den Inhalt der verlinkten Seiten sind ausschlie\u00dflich deren Betreiber verantwortlich.<\/em><\/p>\n<p>&nbsp;<\/p>\n<\/div>\n<\/div>\n<\/div>\n<\/div>\n<div class=\"zpRow standard \">\n<div class=\"zpColumn zpColumnWidth1\">\n<div class=\"zpColumnItem\">\n<div id=\"a1343\" class=\"articlearea\">\n<h3 style=\"text-align: center;\"><strong>Bildnachweise<\/strong><\/h3>\n<p style=\"text-align: center;\"><em>Urheber und Bildquelle der im Original-Layout\u00a0verwendeten Bilder:<br \/>\nNicole Jundt<br \/>\n<\/em><\/p>\n<\/div>\n<p style=\"text-align: center;\"><a href=\"https:\/\/schutternerbaerle.de\/?page_id=960\"><em>Datenschutzerkl\u00e4rung\u00a0<\/em><\/a><\/p>\n<\/div>\n<\/div>\n<\/div>\n<\/div>\n","protected":false},"excerpt":{"rendered":"<p>Haftungsausschluss Inhaltlich Verantwortlicher: Nicole Jundt Urheberrecht Die durch den Seitenbetreiber erstellten Inhalte und Werke auf diesen Seiten unterliegen dem deutschen Urheberrecht. Die Vervielf\u00e4ltigung, Bearbeitung, Verbreitung und jede Art der Verwertung au\u00dferhalb der Grenzen des Urheberrechtes bed\u00fcrfen der schriftlichen Zustimmung von Nicole Jundt Inhalt der Homepage Ich \u00fcbernehme keinerlei Gew\u00e4hr f\u00fcr die Korrektheit,\u00a0 Aktualit\u00e4t,\u00a0\u00a0 Vollst\u00e4ndigkeit oder [&hellip;]<\/p>\n","protected":false},"author":3,"featured_media":0,"parent":0,"menu_order":9,"comment_status":"closed","ping_status":"closed","template":"","meta":{"footnotes":""},"class_list":["post-141","page","type-page","status-publish","hentry","without-featured-image"],"_links":{"self":[{"href":"https:\/\/schutternerbaerle.de\/index.php?rest_route=\/wp\/v2\/pages\/141","targetHints":{"allow":["GET"]}}],"collection":[{"href":"https:\/\/schutternerbaerle.de\/index.php?rest_route=\/wp\/v2\/pages"}],"about":[{"href":"https:\/\/schutternerbaerle.de\/index.php?rest_route=\/wp\/v2\/types\/page"}],"author":[{"embeddable":true,"href":"https:\/\/schutternerbaerle.de\/index.php?rest_route=\/wp\/v2\/users\/3"}],"replies":[{"embeddable":true,"href":"https:\/\/schutternerbaerle.de\/index.php?rest_route=%2Fwp%2Fv2%2Fcomments&post=141"}],"version-history":[{"count":4,"href":"https:\/\/schutternerbaerle.de\/index.php?rest_route=\/wp\/v2\/pages\/141\/revisions"}],"predecessor-version":[{"id":963,"href":"https:\/\/schutternerbaerle.de\/index.php?rest_route=\/wp\/v2\/pages\/141\/revisions\/963"}],"wp:attachment":[{"href":"https:\/\/schutternerbaerle.de\/index.php?rest_route=%2Fwp%2Fv2%2Fmedia&parent=141"}],"curies":[{"name":"wp","href":"https:\/\/api.w.org\/{rel}","templated":true}]}}