{"id":191,"date":"2016-10-07T18:29:24","date_gmt":"2016-10-07T17:29:24","guid":{"rendered":"https:\/\/schutternerbaerle.de\/?page_id=191"},"modified":"2023-11-05T12:08:30","modified_gmt":"2023-11-05T11:08:30","slug":"traechtigkeitsverlauf","status":"publish","type":"page","link":"https:\/\/schutternerbaerle.de\/?page_id=191","title":{"rendered":"Tr\u00e4chtigkeitsverlauf"},"content":{"rendered":"<div class=\"n\">\n<div class=\"clearover\">\n<p><strong>1. Tag\u00a0\u00a0\u00a0\u00a0\u00a0\u00a0\u00a0\u00a0\u00a0\u00a0\u00a0\u00a0\u00a0\u00a0\u00a0\u00a0\u00a0\u00a0\u00a0\u00a0\u00a0\u00a0\u00a0\u00a0\u00a0\u00a0\u00a0\u00a0\u00a0\u00a0\u00a0\u00a0\u00a0\u00a0\u00a0\u00a0\u00a0\u00a0\u00a0\u00a0\u00a0\u00a0\u00a0\u00a0\u00a0\u00a0\u00a0\u00a0\u00a0\u00a0\u00a0\u00a0\u00a0\u00a0\u00a0\u00a0\u00a0\u00a0\u00a0\u00a0\u00a0\u00a0\u00a0\u00a0\u00a0\u00a0\u00a0\u00a0\u00a0\u00a0\u00a0\u00a0\u00a0\u00a0\u00a0\u00a0\u00a0\u00a0\u00a0\u00a0\u00a0\u00a0\u00a0\u00a0\u00a0\u00a0\u00a0\u00a0\u00a0\u00a0\u00a0\u00a0\u00a0\u00a0\u00a0\u00a0\u00a0\u00a0\u00a0\u00a0\u00a0\u00a0\u00a0\u00a0\u00a0\u00a0\u00a0\u00a0\u00a0\u00a0\u00a0\u00a0\u00a0\u00a0\u00a0\u00a0\u00a0\u00a0\u00a0\u00a0\u00a0\u00a0\u00a0\u00a0\u00a0\u00a0\u00a0\u00a0\u00a0\u00a0\u00a0\u00a0\u00a0\u00a0\u00a0\u00a0\u00a0\u00a0\u00a0\u00a0\u00a0\u00a0\u00a0\u00a0\u00a0\u00a0\u00a0\u00a0\u00a0\u00a0\u00a0\u00a0\u00a0\u00a0\u00a0\u00a0\u00a0\u00a0\u00a0\u00a0\u00a0\u00a0\u00a0\u00a0\u00a0\u00a0\u00a0\u00a0\u00a0\u00a0\u00a0\u00a0\u00a0 <\/strong>Die Spermien wandern zu den Eileitern. Bei gesunden R\u00fcden ist das Sperma bis zu sechs Tage<\/p>\n<p>im weiblichen Genitale befruchtungsf\u00e4hig.<\/p>\n<div class=\"imgright\"><img decoding=\"async\" id=\"image_5796953852\" class=\"alignright\" src=\"http:\/\/bolonka-zwetna-vom-risstal.de\/s\/cc_images\/cache_2433785819.jpg?t=1370902896\" alt=\"\" name=\"image_5796953852\" \/><\/div>\n<p>&nbsp;<\/p>\n<p><strong>2.-4.Tag<\/strong><strong>\u00a0\u00a0\u00a0\u00a0\u00a0\u00a0\u00a0\u00a0\u00a0\u00a0\u00a0\u00a0\u00a0\u00a0\u00a0\u00a0\u00a0\u00a0\u00a0\u00a0\u00a0\u00a0\u00a0\u00a0\u00a0\u00a0\u00a0\u00a0\u00a0\u00a0\u00a0\u00a0\u00a0\u00a0\u00a0\u00a0\u00a0\u00a0\u00a0\u00a0\u00a0\u00a0\u00a0\u00a0\u00a0\u00a0\u00a0\u00a0\u00a0\u00a0\u00a0\u00a0\u00a0\u00a0\u00a0\u00a0\u00a0\u00a0\u00a0\u00a0\u00a0\u00a0\u00a0\u00a0\u00a0\u00a0\u00a0\u00a0\u00a0 <\/strong>Befruchtung der Eizellen in der Eileiterampulle.<\/p>\n<p>&nbsp;<\/p>\n<p><strong>4.-8. Tag<\/strong><strong><br \/>\n<\/strong>Die Eizelle teilt sich nun t\u00e4glich im mittleren Eileiterabschnitt. Zweizell-Stadium, Vierzell-Stadium usw. = fr\u00fchembryonale Teilungsstadien. Die ersten Teilungsstadien sind einen zehntel Millimeter gro\u00df.<\/p>\n<p>&nbsp;<\/p>\n<p><strong>8.-9. Tag<\/strong><strong><br \/>\n<\/strong> Die Eizellen entwickeln sich zu Blastozysten. <span class=\"text-huendin\">Bei der H\u00fcndin geht die L\u00e4ufigkeit normal zu Ende. Die H\u00fcndin wird wie stets gef\u00fcttert und bewegt, keine Medikamente<\/span><\/p>\n<p>&nbsp;<\/p>\n<\/div>\n<\/div>\n<div class=\"n\">\n<div class=\"clearover\">\n<div class=\"imgright\"><\/div>\n<p><strong>10.-17. Tag<\/strong><strong><br \/>\n<\/strong>Die sich weiter teilenden Embryonen liegen zun\u00e4chst f\u00fcr ca. 5 \u2013 7 Tage frei und unregelm\u00e4\u00dfig in<\/p>\n<div style=\"width: 250px\" class=\"wp-caption alignright\"><img decoding=\"async\" id=\"image_5796953864\" src=\"http:\/\/bolonka-zwetna-vom-risstal.de\/s\/cc_images\/cache_2433785821.jpg?t=1370902907\" width=\"240\" height=\"180\" name=\"image_5796953864\" \/><p class=\"wp-caption-text\">25. Tag<\/p><\/div>\n<p>der Geb\u00e4rmutter. Danach verteilen sie sich gleichm\u00e4\u00dfig im Geb\u00e4rmutterhorn.<span class=\"caption\">\u00a0\u00a0\u00a0\u00a0<\/span><\/p>\n<p><span class=\"caption\"><br \/>\n<\/span><\/p>\n<p><strong>18.-20. Tag<\/strong><strong><br \/>\n<\/strong> Einnistung der Embryonen in die Geb\u00e4rmutter, die Ausbildung der Plazenta beginnt. Jeder Embryo hat jetzt seinen festen Platz. <span class=\"text-huendin\">Manchen H\u00fcndinnen ist um diese Zeit schlecht und sie fressen nicht. In der Regel ist diese Fressunlust nur von kurzer Dauer, sie kann \u00bd Tag bis zu drei Tagen betragen. Die H\u00fcndin ist jetzt sehr anh\u00e4nglich.<\/span><\/p>\n<\/div>\n<\/div>\n<p>&nbsp;<\/p>\n<div class=\"n\">\n<div class=\"clearover\">\n<div class=\"imgright\"><\/div>\n<p><strong>21.-28. Tag<\/strong><strong><br \/>\n<\/strong> Die Ausbildung der Plazenta ist abgeschlossen. Am Ende dieser Embryonalperiode sind beim Hund alle wichtigen Organsysteme angelegt, die endg\u00fcltige K\u00f6rperform ist bereits in ihren Grundz\u00fcgen erkennbar. Man spricht nicht mehr von Embryonen, sondern vom Fetus. Sterben die Fruchtanlagen bis zum 28. Tr\u00e4chtigkeitstag ab, werden sie meist unauff\u00e4llig resorbiert. <span class=\"text-huendin\">Durch<\/span><\/p>\n<div style=\"width: 250px\" class=\"wp-caption alignright\"><img decoding=\"async\" id=\"image_5796953868\" src=\"http:\/\/bolonka-zwetna-vom-risstal.de\/s\/cc_images\/cache_2433785891.jpg?t=1370903314\" width=\"240\" height=\"180\" name=\"image_5796953868\" \/><p class=\"wp-caption-text\">39.Tag<\/p><\/div>\n<p><span class=\"text-huendin\">Ultraschalluntersuchung kann die Tr\u00e4chtigkeit nachgewiesen werden. Die H\u00fcndin kann z\u00e4hfl\u00fcssigen klaren bis milchig tr\u00fcben Schleim absondern, meist ein sicheres Zeichen f\u00fcr eine Tr\u00e4chtigkeit. Die Zitzen bei der H\u00fcndin beginnen sich aufzurichten und f\u00e4rben sich rosa.<\/span><br \/>\n<strong>Achtung!<\/strong> W\u00e4hrend der Organgenese bis zum 35. Tag sind die Welpen \u00e4u\u00dferst empfindlich f\u00fcr \u00e4u\u00dfere Einwirkungen wie Medikamente, Impfungen, R\u00f6ntgenstrahlen, Vitaminmangel und \u2013\u00fcberversorgung, \u00dcberhitzung (z.B. im Auto), Umweltschadstoffe (z.B. D\u00fcngemittel in Pf\u00fctzen) diese sind unter anderem verantwortlich f\u00fcr Fehlbildungen!!<\/p>\n<p>&nbsp;<\/p>\n<\/div>\n<\/div>\n<div class=\"n\">\n<div class=\"clearover\">\n<div class=\"imgright\"><\/div>\n<p><strong>28.-35. Tag<\/strong><strong><br \/>\n<\/strong> Die Fetalperiode ist durch die Ausdifferenzierung der Organe und das schnelle Wachstum der Welpen gekennzeichnet. Die Augenlider sind ausgebildet, die Ohrmuschel bedeckt den Geh\u00f6rgang, die Finger separieren sich, das m\u00e4nnliche Genital ist erkennbar und die f\u00fcnf Zitzenpaare. <span class=\"text-huendin\">Die H\u00fcndin nimmt an Bauchumfang zu. Die Zitzen schwellen an. Bei einigen werdenden<\/span><\/p>\n<div style=\"width: 250px\" class=\"wp-caption alignright\"><img decoding=\"async\" id=\"image_5796953870\" src=\"http:\/\/bolonka-zwetna-vom-risstal.de\/s\/cc_images\/cache_2433785827.jpg?t=1370902925\" width=\"240\" height=\"180\" name=\"image_5796953870\" \/><p class=\"wp-caption-text\">39.Tag<\/p><\/div>\n<p><span class=\"text-huendin\">M\u00fcttern steigt das Trinkbed\u00fcrfnis.<\/span><\/p>\n<p>&nbsp;<\/p>\n<p><strong>35.-42. Tag<\/strong><strong><br \/>\n<\/strong> Die Finger sind vollst\u00e4ndig getrennt und gespreizt, die Krallen ausgebildet. Die Tasthaare sind sichtbar. <span class=\"text-huendin\">Unsere H\u00fcndin wird auf Spazierg\u00e4ngen vielleicht etwas tr\u00e4ger und spielt nicht mehr gern mit anderen Hunden. Sie sch\u00fctzt ihre Flanken und l\u00e4sst fremde Hunde nicht mehr nah an sich heran.<\/span><\/p>\n<p>&nbsp;<\/p>\n<\/div>\n<\/div>\n<div class=\"n\">\n<div class=\"clearover\">\n<div class=\"imgright\"><\/div>\n<p><strong>42.-49. Tag<\/strong><strong><br \/>\n<\/strong> <span class=\"text-huendin\">Die H\u00fcndin bekommt jetzt mehrere Mahlzeiten am Tag, aber dick sollte sie dennoch nicht werden. Behalten Sie das Gewicht im Auge!<\/span><\/p>\n<p>&nbsp;<\/p>\n<p>&nbsp;<\/p>\n<p><strong>49.-56. Tag<\/strong><strong><br \/>\n<\/strong> Die Bewegung der Welpen im Mutterleib ist leicht erkennbar \u2013 flache Hand vorsichtig auf den<\/p>\n<div style=\"width: 250px\" class=\"wp-caption alignright\"><img loading=\"lazy\" decoding=\"async\" id=\"image_5796953874\" src=\"http:\/\/bolonka-zwetna-vom-risstal.de\/s\/cc_images\/cache_2433785940.jpg?t=1370903363\" width=\"240\" height=\"180\" name=\"image_5796953874\" \/><p class=\"wp-caption-text\">60.Tag<\/p><\/div>\n<p>Bauch der entspannten H\u00fcndin legen. Die K\u00f6rperbehaarung der Welpen ist voll ausgepr\u00e4gt. <span class=\"text-huendin\">Der H\u00fcndin gehen am Bauch die Haare aus. Sie sollte mit ihrer Wurfkiste vertraut gemacht werden.<\/span><\/p>\n<p>&nbsp;<\/p>\n<\/div>\n<\/div>\n<div class=\"n\">\n<div class=\"clearover\">\n<div class=\"imgright\"><\/div>\n<p><strong>56.-63. Tag<\/strong><strong><br \/>\n<\/strong> Hundewelpen werden als \u201eNesthocker\u201c geboren, die Ausdifferenzierung einzelner Organe wie z.B. der Lunge ist bei der Geburt noch nicht beendet, die Augenlider und Geh\u00f6rg\u00e4nge sind geschlossen. <span class=\"text-huendin\">Die H\u00fcndin wird ruhelos und beginnt, Nestbauverhalten zu zeigen. Sie sucht nach einem geeigneten Platz zum Werfen, gr\u00e4bt H\u00f6hlen, scharrt \u00fcberall herum, hechelt. Es kann sich wei\u00dfe Scheidenfl\u00fcssigkeit absondern. Sinkt die K\u00f6rpertemperatur um ca.<\/span><\/p>\n<div style=\"width: 250px\" class=\"wp-caption alignright\"><img loading=\"lazy\" decoding=\"async\" id=\"image_5796953882\" src=\"http:\/\/bolonka-zwetna-vom-risstal.de\/s\/cc_images\/cache_2433785831.jpg?t=1370902946\" width=\"240\" height=\"180\" name=\"image_5796953882\" \/><p class=\"wp-caption-text\">60.Tag<\/p><\/div>\n<p><span class=\"text-huendin\">1,5 \u2013 2 Grad ab, werden die Welpen innerhalb der n\u00e4chsten 6 \u2013 24 Stunden geboren.<\/span><\/p>\n<p>&nbsp;<\/p>\n<p><strong>66. Tag<\/strong><strong><br \/>\n<\/strong>Die meisten Welpen werden zwischen dem 60. Und 65. Tag geboren. Am 66. Tag sollten Sie unbedingt den Tierarzt aufsuchen, ob eine St\u00f6rung vorliegt.<\/p>\n<hr \/>\n<h4><strong>Quellenangabe 4-D Ultraschall-Fotos:<\/strong><\/h4>\n<p>NationalGeographic \/ Pioneer Production<\/p>\n<\/div>\n<\/div>\n","protected":false},"excerpt":{"rendered":"<p>1. Tag\u00a0\u00a0\u00a0\u00a0\u00a0\u00a0\u00a0\u00a0\u00a0\u00a0\u00a0\u00a0\u00a0\u00a0\u00a0\u00a0\u00a0\u00a0\u00a0\u00a0\u00a0\u00a0\u00a0\u00a0\u00a0\u00a0\u00a0\u00a0\u00a0\u00a0\u00a0\u00a0\u00a0\u00a0\u00a0\u00a0\u00a0\u00a0\u00a0\u00a0\u00a0\u00a0\u00a0\u00a0\u00a0\u00a0\u00a0\u00a0\u00a0\u00a0\u00a0\u00a0\u00a0\u00a0\u00a0\u00a0\u00a0\u00a0\u00a0\u00a0\u00a0\u00a0\u00a0\u00a0\u00a0\u00a0\u00a0\u00a0\u00a0\u00a0\u00a0\u00a0\u00a0\u00a0\u00a0\u00a0\u00a0\u00a0\u00a0\u00a0\u00a0\u00a0\u00a0\u00a0\u00a0\u00a0\u00a0\u00a0\u00a0\u00a0\u00a0\u00a0\u00a0\u00a0\u00a0\u00a0\u00a0\u00a0\u00a0\u00a0\u00a0\u00a0\u00a0\u00a0\u00a0\u00a0\u00a0\u00a0\u00a0\u00a0\u00a0\u00a0\u00a0\u00a0\u00a0\u00a0\u00a0\u00a0\u00a0\u00a0\u00a0\u00a0\u00a0\u00a0\u00a0\u00a0\u00a0\u00a0\u00a0\u00a0\u00a0\u00a0\u00a0\u00a0\u00a0\u00a0\u00a0\u00a0\u00a0\u00a0\u00a0\u00a0\u00a0\u00a0\u00a0\u00a0\u00a0\u00a0\u00a0\u00a0\u00a0\u00a0\u00a0\u00a0\u00a0\u00a0\u00a0\u00a0\u00a0\u00a0\u00a0\u00a0\u00a0\u00a0\u00a0\u00a0\u00a0\u00a0\u00a0\u00a0\u00a0\u00a0\u00a0 Die Spermien wandern zu den Eileitern. Bei gesunden R\u00fcden ist das Sperma bis zu sechs Tage im weiblichen Genitale befruchtungsf\u00e4hig. &nbsp; 2.-4.Tag\u00a0\u00a0\u00a0\u00a0\u00a0\u00a0\u00a0\u00a0\u00a0\u00a0\u00a0\u00a0\u00a0\u00a0\u00a0\u00a0\u00a0\u00a0\u00a0\u00a0\u00a0\u00a0\u00a0\u00a0\u00a0\u00a0\u00a0\u00a0\u00a0\u00a0\u00a0\u00a0\u00a0\u00a0\u00a0\u00a0\u00a0\u00a0\u00a0\u00a0\u00a0\u00a0\u00a0\u00a0\u00a0\u00a0\u00a0\u00a0\u00a0\u00a0\u00a0\u00a0\u00a0\u00a0\u00a0\u00a0\u00a0\u00a0\u00a0\u00a0\u00a0\u00a0\u00a0\u00a0\u00a0\u00a0\u00a0\u00a0\u00a0 Befruchtung der Eizellen in der Eileiterampulle. &nbsp; 4.-8. Tag Die Eizelle teilt sich nun t\u00e4glich im mittleren Eileiterabschnitt. Zweizell-Stadium, Vierzell-Stadium usw. = fr\u00fchembryonale Teilungsstadien. Die ersten Teilungsstadien sind einen zehntel Millimeter [&hellip;]<\/p>\n","protected":false},"author":2,"featured_media":0,"parent":158,"menu_order":0,"comment_status":"closed","ping_status":"closed","template":"","meta":{"footnotes":""},"class_list":["post-191","page","type-page","status-publish","hentry","without-featured-image"],"_links":{"self":[{"href":"https:\/\/schutternerbaerle.de\/index.php?rest_route=\/wp\/v2\/pages\/191","targetHints":{"allow":["GET"]}}],"collection":[{"href":"https:\/\/schutternerbaerle.de\/index.php?rest_route=\/wp\/v2\/pages"}],"about":[{"href":"https:\/\/schutternerbaerle.de\/index.php?rest_route=\/wp\/v2\/types\/page"}],"author":[{"embeddable":true,"href":"https:\/\/schutternerbaerle.de\/index.php?rest_route=\/wp\/v2\/users\/2"}],"replies":[{"embeddable":true,"href":"https:\/\/schutternerbaerle.de\/index.php?rest_route=%2Fwp%2Fv2%2Fcomments&post=191"}],"version-history":[{"count":4,"href":"https:\/\/schutternerbaerle.de\/index.php?rest_route=\/wp\/v2\/pages\/191\/revisions"}],"predecessor-version":[{"id":195,"href":"https:\/\/schutternerbaerle.de\/index.php?rest_route=\/wp\/v2\/pages\/191\/revisions\/195"}],"up":[{"embeddable":true,"href":"https:\/\/schutternerbaerle.de\/index.php?rest_route=\/wp\/v2\/pages\/158"}],"wp:attachment":[{"href":"https:\/\/schutternerbaerle.de\/index.php?rest_route=%2Fwp%2Fv2%2Fmedia&parent=191"}],"curies":[{"name":"wp","href":"https:\/\/api.w.org\/{rel}","templated":true}]}}