{"id":35,"date":"2016-05-24T19:21:55","date_gmt":"2016-05-24T18:21:55","guid":{"rendered":"https:\/\/schutternerbaerle.de\/?page_id=35"},"modified":"2026-01-03T13:36:33","modified_gmt":"2026-01-03T12:36:33","slug":"startseite","status":"publish","type":"page","link":"https:\/\/schutternerbaerle.de\/","title":{"rendered":"Willkommen"},"content":{"rendered":"\t\t<div data-elementor-type=\"wp-post\" data-elementor-id=\"35\" class=\"elementor elementor-35\">\n\t\t\t\t\t\t<section class=\"elementor-section elementor-top-section elementor-element elementor-element-5daa4129 elementor-section-boxed elementor-section-height-default elementor-section-height-default\" data-id=\"5daa4129\" data-element_type=\"section\">\n\t\t\t\t\t\t<div class=\"elementor-container elementor-column-gap-default\">\n\t\t\t\t\t<div class=\"elementor-column elementor-col-100 elementor-top-column elementor-element elementor-element-752adc2b\" data-id=\"752adc2b\" data-element_type=\"column\">\n\t\t\t<div class=\"elementor-widget-wrap elementor-element-populated\">\n\t\t\t\t\t\t<div class=\"elementor-element elementor-element-115a474a elementor-widget elementor-widget-text-editor\" data-id=\"115a474a\" data-element_type=\"widget\" data-widget_type=\"text-editor.default\">\n\t\t\t\t<div class=\"elementor-widget-container\">\n\t\t\t\t\t\t\t\t\t<p style=\"text-align: center;\">bei den<\/p>\n<h1 style=\"text-align: center;\">Schutterner B\u00e4rle<\/h1>\n<h5 style=\"text-align: center;\">BOLONKA ZWETNA &amp; HAVANESER<\/h5>\n<p style=\"text-align: center;\"><img fetchpriority=\"high\" decoding=\"async\" class=\"alignnone wp-image-6202 size-large\" src=\"https:\/\/schutternerbaerle.de\/wordpress\/wp-content\/uploads\/2025\/12\/Willkommen01-1024x374.png\" alt=\"\" width=\"620\" height=\"226\" srcset=\"https:\/\/schutternerbaerle.de\/wordpress\/wp-content\/uploads\/2025\/12\/Willkommen01-1024x374.png 1024w, https:\/\/schutternerbaerle.de\/wordpress\/wp-content\/uploads\/2025\/12\/Willkommen01-300x110.png 300w, https:\/\/schutternerbaerle.de\/wordpress\/wp-content\/uploads\/2025\/12\/Willkommen01-768x281.png 768w, https:\/\/schutternerbaerle.de\/wordpress\/wp-content\/uploads\/2025\/12\/Willkommen01-1536x562.png 1536w, https:\/\/schutternerbaerle.de\/wordpress\/wp-content\/uploads\/2025\/12\/Willkommen01-1039x380.png 1039w, https:\/\/schutternerbaerle.de\/wordpress\/wp-content\/uploads\/2025\/12\/Willkommen01.png 1556w\" sizes=\"(max-width: 620px) 100vw, 620px\" \/><\/p>\n<p style=\"text-align: center;\">Willkommen auf unserer Homepage der &#8222;Schutterner B\u00e4rle&#8220;<\/p>\n<p style=\"text-align: center;\">Wir kommen aus der sch\u00f6nen Ortenau aus Friesenheim im Ortsteil Schuttern<\/p>\n<p style=\"text-align: center;\">in Baden W\u00fcrttemberg .<\/p>\n<p style=\"text-align: center;\">Wir haben eine kleine Liebhaber-Zucht mit Bolonka Zwetna und Havaneser<\/p>\n<p style=\"text-align: center;\">die wir ihnen auf den folgenden Seiten vorstellen m\u00f6chten .<\/p>\n<p style=\"text-align: center;\">Viel Spa\u00df beim Erkunden !<\/p>\n<p style=\"text-align: center;\"><img decoding=\"async\" class=\"alignnone size-medium wp-image-2187\" src=\"https:\/\/schutternerbaerle.de\/wordpress\/wp-content\/uploads\/2019\/01\/f-278x300.png\" alt=\"\" width=\"278\" height=\"300\" srcset=\"https:\/\/schutternerbaerle.de\/wordpress\/wp-content\/uploads\/2019\/01\/f-278x300.png 278w, https:\/\/schutternerbaerle.de\/wordpress\/wp-content\/uploads\/2019\/01\/f-768x830.png 768w, https:\/\/schutternerbaerle.de\/wordpress\/wp-content\/uploads\/2019\/01\/f-948x1024.png 948w, https:\/\/schutternerbaerle.de\/wordpress\/wp-content\/uploads\/2019\/01\/f-352x380.png 352w, https:\/\/schutternerbaerle.de\/wordpress\/wp-content\/uploads\/2019\/01\/f.png 1604w\" sizes=\"(max-width: 278px) 100vw, 278px\" \/><\/p>\n<p style=\"text-align: center;\">Wir sind auch auf Facebook und Instagram<\/p>\n<p style=\"text-align: center;\">\u00a0<\/p>\t\t\t\t\t\t\t\t<\/div>\n\t\t\t\t<\/div>\n\t\t\t\t\t<\/div>\n\t\t<\/div>\n\t\t\t\t\t<\/div>\n\t\t<\/section>\n\t\t\t\t<section class=\"elementor-section elementor-top-section elementor-element elementor-element-c47c3d1 elementor-section-boxed elementor-section-height-default elementor-section-height-default\" data-id=\"c47c3d1\" data-element_type=\"section\">\n\t\t\t\t\t\t<div class=\"elementor-container elementor-column-gap-default\">\n\t\t\t\t\t<div class=\"elementor-column elementor-col-50 elementor-top-column elementor-element elementor-element-8adfc19\" data-id=\"8adfc19\" data-element_type=\"column\">\n\t\t\t<div class=\"elementor-widget-wrap elementor-element-populated\">\n\t\t\t\t\t\t<div class=\"elementor-element elementor-element-a31df0b elementor-view-default elementor-widget elementor-widget-icon\" data-id=\"a31df0b\" data-element_type=\"widget\" data-widget_type=\"icon.default\">\n\t\t\t\t<div class=\"elementor-widget-container\">\n\t\t\t\t\t\t\t<div class=\"elementor-icon-wrapper\">\n\t\t\t<a class=\"elementor-icon\" href=\"https:\/\/www.facebook.com\/schutternerbaerle\/\">\n\t\t\t<i aria-hidden=\"true\" class=\"fab fa-facebook\"><\/i>\t\t\t<\/a>\n\t\t<\/div>\n\t\t\t\t\t\t<\/div>\n\t\t\t\t<\/div>\n\t\t\t\t\t<\/div>\n\t\t<\/div>\n\t\t\t\t<div class=\"elementor-column elementor-col-50 elementor-top-column elementor-element elementor-element-79d7186\" data-id=\"79d7186\" data-element_type=\"column\">\n\t\t\t<div class=\"elementor-widget-wrap elementor-element-populated\">\n\t\t\t\t\t\t<div class=\"elementor-element elementor-element-a9db1b8 elementor-view-default elementor-widget elementor-widget-icon\" data-id=\"a9db1b8\" data-element_type=\"widget\" data-widget_type=\"icon.default\">\n\t\t\t\t<div class=\"elementor-widget-container\">\n\t\t\t\t\t\t\t<div class=\"elementor-icon-wrapper\">\n\t\t\t<a class=\"elementor-icon\" href=\"https:\/\/www.instagram.com\/schutterner_baerle\">\n\t\t\t<i aria-hidden=\"true\" class=\"fab fa-instagram\"><\/i>\t\t\t<\/a>\n\t\t<\/div>\n\t\t\t\t\t\t<\/div>\n\t\t\t\t<\/div>\n\t\t\t\t\t<\/div>\n\t\t<\/div>\n\t\t\t\t\t<\/div>\n\t\t<\/section>\n\t\t\t\t<\/div>\n\t\t","protected":false},"excerpt":{"rendered":"<p>bei den Schutterner B\u00e4rle BOLONKA ZWETNA &amp; HAVANESER Willkommen auf unserer Homepage der &#8222;Schutterner B\u00e4rle&#8220; Wir kommen aus der sch\u00f6nen Ortenau aus Friesenheim im Ortsteil Schuttern in Baden W\u00fcrttemberg . Wir haben eine kleine Liebhaber-Zucht mit Bolonka Zwetna und Havaneser die wir ihnen auf den folgenden Seiten vorstellen m\u00f6chten . Viel Spa\u00df beim Erkunden ! [&hellip;]<\/p>\n","protected":false},"author":3,"featured_media":0,"parent":0,"menu_order":0,"comment_status":"closed","ping_status":"closed","template":"","meta":{"footnotes":""},"class_list":["post-35","page","type-page","status-publish","hentry","without-featured-image"],"_links":{"self":[{"href":"https:\/\/schutternerbaerle.de\/index.php?rest_route=\/wp\/v2\/pages\/35","targetHints":{"allow":["GET"]}}],"collection":[{"href":"https:\/\/schutternerbaerle.de\/index.php?rest_route=\/wp\/v2\/pages"}],"about":[{"href":"https:\/\/schutternerbaerle.de\/index.php?rest_route=\/wp\/v2\/types\/page"}],"author":[{"embeddable":true,"href":"https:\/\/schutternerbaerle.de\/index.php?rest_route=\/wp\/v2\/users\/3"}],"replies":[{"embeddable":true,"href":"https:\/\/schutternerbaerle.de\/index.php?rest_route=%2Fwp%2Fv2%2Fcomments&post=35"}],"version-history":[{"count":71,"href":"https:\/\/schutternerbaerle.de\/index.php?rest_route=\/wp\/v2\/pages\/35\/revisions"}],"predecessor-version":[{"id":6350,"href":"https:\/\/schutternerbaerle.de\/index.php?rest_route=\/wp\/v2\/pages\/35\/revisions\/6350"}],"wp:attachment":[{"href":"https:\/\/schutternerbaerle.de\/index.php?rest_route=%2Fwp%2Fv2%2Fmedia&parent=35"}],"curies":[{"name":"wp","href":"https:\/\/api.w.org\/{rel}","templated":true}]}}