{"id":37,"date":"2016-05-24T19:35:02","date_gmt":"2016-05-24T18:35:02","guid":{"rendered":"https:\/\/schutternerbaerle.de\/?page_id=37"},"modified":"2025-12-07T22:35:40","modified_gmt":"2025-12-07T21:35:40","slug":"ueber-uns","status":"publish","type":"page","link":"https:\/\/schutternerbaerle.de\/?page_id=37","title":{"rendered":"\u00dcber uns"},"content":{"rendered":"\t\t<div data-elementor-type=\"wp-post\" data-elementor-id=\"37\" class=\"elementor elementor-37\">\n\t\t\t\t\t\t<section class=\"elementor-section elementor-top-section elementor-element elementor-element-43816eb7 elementor-section-boxed elementor-section-height-default elementor-section-height-default\" data-id=\"43816eb7\" data-element_type=\"section\">\n\t\t\t\t\t\t<div class=\"elementor-container elementor-column-gap-default\">\n\t\t\t\t\t<div class=\"elementor-column elementor-col-100 elementor-top-column elementor-element elementor-element-7a8e9da5\" data-id=\"7a8e9da5\" data-element_type=\"column\">\n\t\t\t<div class=\"elementor-widget-wrap elementor-element-populated\">\n\t\t\t\t\t\t<div class=\"elementor-element elementor-element-540d60e2 elementor-widget elementor-widget-text-editor\" data-id=\"540d60e2\" data-element_type=\"widget\" data-widget_type=\"text-editor.default\">\n\t\t\t\t<div class=\"elementor-widget-container\">\n\t\t\t\t\t\t\t\t\t<p style=\"text-align: center;\">Mein Name ist Nicole Jundt. Ich lebe mit meinem Mann Michael\u00a0<span style=\"font-size: 16px;\">in der sch\u00f6nen Ortenau im Friesenheim Ortsteil Schuttern.<\/span><\/p><p><img fetchpriority=\"high\" decoding=\"async\" class=\"wp-image-6213 size-medium aligncenter\" style=\"font-family: inherit; font-style: inherit; font-weight: inherit;\" src=\"https:\/\/schutternerbaerle.de\/wordpress\/wp-content\/uploads\/2025\/12\/Nimi-225x300.jpg\" alt=\"\" width=\"225\" height=\"300\" srcset=\"https:\/\/schutternerbaerle.de\/wordpress\/wp-content\/uploads\/2025\/12\/Nimi-225x300.jpg 225w, https:\/\/schutternerbaerle.de\/wordpress\/wp-content\/uploads\/2025\/12\/Nimi-768x1024.jpg 768w, https:\/\/schutternerbaerle.de\/wordpress\/wp-content\/uploads\/2025\/12\/Nimi-1152x1536.jpg 1152w, https:\/\/schutternerbaerle.de\/wordpress\/wp-content\/uploads\/2025\/12\/Nimi-285x380.jpg 285w, https:\/\/schutternerbaerle.de\/wordpress\/wp-content\/uploads\/2025\/12\/Nimi.jpg 1536w\" sizes=\"(max-width: 225px) 100vw, 225px\" \/><\/p><p><span style=\"font-size: 16px;\">Unsere Hunde leben mit uns im Haus und Garten.<\/span><\/p><p>Sie sind ein Teil unserer Familie und haben unsere Herzen im Sturm erobert <img decoding=\"async\" class=\"emoji\" draggable=\"false\" src=\"https:\/\/s.w.org\/images\/core\/emoji\/11\/svg\/2764.svg\" alt=\"\u2764\" \/>\u00a0Sie kommen fast \u00fcberall mit hin und nat\u00fcrlich auch in den Urlaub<\/p><p><img decoding=\"async\" class=\"emoji\" draggable=\"false\" src=\"https:\/\/s.w.org\/images\/core\/emoji\/11\/svg\/1f60a.svg\" alt=\"\ud83d\ude0a\" \/> Gerne d\u00fcrfen sie uns besuchen kommen, um uns und unsere Hunde pers\u00f6nlich kennen zu lernen <img decoding=\"async\" class=\"emoji\" draggable=\"false\" src=\"https:\/\/s.w.org\/images\/core\/emoji\/11\/svg\/1f60a.svg\" alt=\"\ud83d\ude0a\" \/><\/p><p>Als Hobbyz\u00fcchter werden wir als &#8222;Schutterner B\u00e4rle&#8220; ab und zu bezaubernde kleine B\u00e4rle haben, die wir \u00a0liebevollen Familien anvertrauen m\u00f6chten.<br \/>Ich bin als Bolonka Zwetna und Havaneser Z\u00fcchterin beim internationalen Zuchtverband URCI, der Union der Rassehunde- Clubs 1972 Int.e.V. eingetragen.<br \/>\u00dcber die URCI ist unser Zwingername &#8222;von den Schutterner B\u00e4rle&#8220; gesch\u00fctzt.<br \/>Kontrolliert wird unsere Zucht vom MRC, dem Mittelbadischen Rassehundeclub e.V.<\/p><p>Begonnen hat unsere Zucht mit der wunderbaren &#8222;Kiwi&#8220; &#8211; RIP kleine Maus &#8211; du bist immer in unseren Herzen<\/p><p style=\"text-align: center;\"><img decoding=\"async\" class=\"alignnone wp-image-2088 size-medium\" src=\"https:\/\/schutternerbaerle.de\/wordpress\/wp-content\/uploads\/2019\/01\/Kiwi_Bolonka_Z\u00fcchter_Welpen-300x200.jpg\" alt=\"\" width=\"300\" height=\"200\" srcset=\"https:\/\/schutternerbaerle.de\/wordpress\/wp-content\/uploads\/2019\/01\/Kiwi_Bolonka_Z\u00fcchter_Welpen-300x200.jpg 300w, https:\/\/schutternerbaerle.de\/wordpress\/wp-content\/uploads\/2019\/01\/Kiwi_Bolonka_Z\u00fcchter_Welpen-768x512.jpg 768w, https:\/\/schutternerbaerle.de\/wordpress\/wp-content\/uploads\/2019\/01\/Kiwi_Bolonka_Z\u00fcchter_Welpen-1024x683.jpg 1024w, https:\/\/schutternerbaerle.de\/wordpress\/wp-content\/uploads\/2019\/01\/Kiwi_Bolonka_Z\u00fcchter_Welpen-570x380.jpg 570w\" sizes=\"(max-width: 300px) 100vw, 300px\" \/><\/p><hr \/><p style=\"text-align: center;\">Mein Mann und ich haben erfolgreich am Z\u00fcchterseminar teilgenommen.<\/p><p style=\"text-align: center;\"><img decoding=\"async\" class=\"size-medium wp-image-430 alignleft\" src=\"http:\/\/schutternerbolonkabaerle.de\/wordpress\/wp-content\/uploads\/2016\/05\/WhatsApp-Image-2017-01-08-at-23.36.53-1-210x300.jpeg\" alt=\"\" width=\"210\" height=\"300\" srcset=\"https:\/\/schutternerbaerle.de\/wordpress\/wp-content\/uploads\/2016\/05\/WhatsApp-Image-2017-01-08-at-23.36.53-1-210x300.jpeg 210w, https:\/\/schutternerbaerle.de\/wordpress\/wp-content\/uploads\/2016\/05\/WhatsApp-Image-2017-01-08-at-23.36.53-1-266x380.jpeg 266w, https:\/\/schutternerbaerle.de\/wordpress\/wp-content\/uploads\/2016\/05\/WhatsApp-Image-2017-01-08-at-23.36.53-1.jpeg 673w\" sizes=\"(max-width: 210px) 100vw, 210px\" \/><img loading=\"lazy\" decoding=\"async\" class=\"size-medium wp-image-429 alignright\" src=\"http:\/\/schutternerbolonkabaerle.de\/wordpress\/wp-content\/uploads\/2016\/05\/WhatsApp-Image-2017-01-08-at-23.36.53-215x300.jpeg\" alt=\"\" width=\"215\" height=\"300\" srcset=\"https:\/\/schutternerbaerle.de\/wordpress\/wp-content\/uploads\/2016\/05\/WhatsApp-Image-2017-01-08-at-23.36.53-215x300.jpeg 215w, https:\/\/schutternerbaerle.de\/wordpress\/wp-content\/uploads\/2016\/05\/WhatsApp-Image-2017-01-08-at-23.36.53-272x380.jpeg 272w, https:\/\/schutternerbaerle.de\/wordpress\/wp-content\/uploads\/2016\/05\/WhatsApp-Image-2017-01-08-at-23.36.53.jpeg 688w\" sizes=\"(max-width: 215px) 100vw, 215px\" \/><\/p>\t\t\t\t\t\t\t\t<\/div>\n\t\t\t\t<\/div>\n\t\t\t\t\t<\/div>\n\t\t<\/div>\n\t\t\t\t\t<\/div>\n\t\t<\/section>\n\t\t\t\t<section class=\"elementor-section elementor-top-section elementor-element elementor-element-345e134 elementor-section-boxed elementor-section-height-default elementor-section-height-default\" data-id=\"345e134\" data-element_type=\"section\">\n\t\t\t\t\t\t<div class=\"elementor-container elementor-column-gap-default\">\n\t\t\t\t\t<div class=\"elementor-column elementor-col-100 elementor-top-column elementor-element elementor-element-41dc42e\" data-id=\"41dc42e\" data-element_type=\"column\">\n\t\t\t<div class=\"elementor-widget-wrap elementor-element-populated\">\n\t\t\t\t\t\t<div class=\"elementor-element elementor-element-d4f4434 elementor-widget elementor-widget-image\" data-id=\"d4f4434\" data-element_type=\"widget\" data-widget_type=\"image.default\">\n\t\t\t\t<div class=\"elementor-widget-container\">\n\t\t\t\t\t\t\t\t\t\t\t\t\t\t\t<img loading=\"lazy\" decoding=\"async\" width=\"620\" height=\"465\" src=\"https:\/\/schutternerbaerle.de\/wordpress\/wp-content\/uploads\/2025\/12\/Nimi02-1024x768.jpg\" class=\"attachment-large size-large wp-image-6214\" alt=\"\" srcset=\"https:\/\/schutternerbaerle.de\/wordpress\/wp-content\/uploads\/2025\/12\/Nimi02-1024x768.jpg 1024w, https:\/\/schutternerbaerle.de\/wordpress\/wp-content\/uploads\/2025\/12\/Nimi02-300x225.jpg 300w, https:\/\/schutternerbaerle.de\/wordpress\/wp-content\/uploads\/2025\/12\/Nimi02-768x576.jpg 768w, https:\/\/schutternerbaerle.de\/wordpress\/wp-content\/uploads\/2025\/12\/Nimi02-1536x1152.jpg 1536w, https:\/\/schutternerbaerle.de\/wordpress\/wp-content\/uploads\/2025\/12\/Nimi02-507x380.jpg 507w, https:\/\/schutternerbaerle.de\/wordpress\/wp-content\/uploads\/2025\/12\/Nimi02.jpg 1600w\" sizes=\"(max-width: 620px) 100vw, 620px\" \/>\t\t\t\t\t\t\t\t\t\t\t\t\t\t\t<\/div>\n\t\t\t\t<\/div>\n\t\t\t\t\t<\/div>\n\t\t<\/div>\n\t\t\t\t\t<\/div>\n\t\t<\/section>\n\t\t\t\t<\/div>\n\t\t","protected":false},"excerpt":{"rendered":"<p>Mein Name ist Nicole Jundt. Ich lebe mit meinem Mann Michael und meinen zwei S\u00f6hnen Yannic und Marvin in der sch\u00f6nen Ortenau im Ortsteil Schuttern. Unsere Hunde leben mit uns im Haus und Garten. Sie sind ein Teil unserer Familie und haben unsere Herzen im Sturm erobert Sie kommen fast \u00fcberall mit hin und nat\u00fcrlich [&hellip;]<\/p>\n","protected":false},"author":3,"featured_media":0,"parent":49,"menu_order":0,"comment_status":"closed","ping_status":"closed","template":"","meta":{"footnotes":""},"class_list":["post-37","page","type-page","status-publish","hentry","without-featured-image"],"_links":{"self":[{"href":"https:\/\/schutternerbaerle.de\/index.php?rest_route=\/wp\/v2\/pages\/37","targetHints":{"allow":["GET"]}}],"collection":[{"href":"https:\/\/schutternerbaerle.de\/index.php?rest_route=\/wp\/v2\/pages"}],"about":[{"href":"https:\/\/schutternerbaerle.de\/index.php?rest_route=\/wp\/v2\/types\/page"}],"author":[{"embeddable":true,"href":"https:\/\/schutternerbaerle.de\/index.php?rest_route=\/wp\/v2\/users\/3"}],"replies":[{"embeddable":true,"href":"https:\/\/schutternerbaerle.de\/index.php?rest_route=%2Fwp%2Fv2%2Fcomments&post=37"}],"version-history":[{"count":24,"href":"https:\/\/schutternerbaerle.de\/index.php?rest_route=\/wp\/v2\/pages\/37\/revisions"}],"predecessor-version":[{"id":6240,"href":"https:\/\/schutternerbaerle.de\/index.php?rest_route=\/wp\/v2\/pages\/37\/revisions\/6240"}],"up":[{"embeddable":true,"href":"https:\/\/schutternerbaerle.de\/index.php?rest_route=\/wp\/v2\/pages\/49"}],"wp:attachment":[{"href":"https:\/\/schutternerbaerle.de\/index.php?rest_route=%2Fwp%2Fv2%2Fmedia&parent=37"}],"curies":[{"name":"wp","href":"https:\/\/api.w.org\/{rel}","templated":true}]}}