{"id":421,"date":"2016-12-11T21:32:03","date_gmt":"2016-12-11T20:32:03","guid":{"rendered":"https:\/\/schutternerbaerle.de\/?page_id=421"},"modified":"2024-02-04T10:38:55","modified_gmt":"2024-02-04T09:38:55","slug":"wurferwartung","status":"publish","type":"page","link":"https:\/\/schutternerbaerle.de\/?page_id=421","title":{"rendered":"Wurfplanung"},"content":{"rendered":"\t\t<div data-elementor-type=\"wp-post\" data-elementor-id=\"421\" class=\"elementor elementor-421\">\n\t\t\t\t\t\t<section class=\"elementor-section elementor-top-section elementor-element elementor-element-2d032cf elementor-section-boxed elementor-section-height-default elementor-section-height-default\" data-id=\"2d032cf\" data-element_type=\"section\">\n\t\t\t\t\t\t<div class=\"elementor-container elementor-column-gap-default\">\n\t\t\t\t\t<div class=\"elementor-column elementor-col-100 elementor-top-column elementor-element elementor-element-628bbf8\" data-id=\"628bbf8\" data-element_type=\"column\">\n\t\t\t<div class=\"elementor-widget-wrap elementor-element-populated\">\n\t\t\t\t\t\t<div class=\"elementor-element elementor-element-ebee5da elementor-widget elementor-widget-image\" data-id=\"ebee5da\" data-element_type=\"widget\" data-widget_type=\"image.default\">\n\t\t\t\t<div class=\"elementor-widget-container\">\n\t\t\t\t\t\t\t\t\t\t\t\t\t\t\t<img fetchpriority=\"high\" decoding=\"async\" width=\"300\" height=\"168\" src=\"https:\/\/schutternerbaerle.de\/wordpress\/wp-content\/uploads\/2018\/09\/Wurfplanung-300x168.jpg\" class=\"attachment-medium size-medium wp-image-1195\" alt=\"\" \/>\t\t\t\t\t\t\t\t\t\t\t\t\t\t\t<\/div>\n\t\t\t\t<\/div>\n\t\t\t\t<div class=\"elementor-element elementor-element-6c250b5 elementor-widget elementor-widget-text-editor\" data-id=\"6c250b5\" data-element_type=\"widget\" data-widget_type=\"text-editor.default\">\n\t\t\t\t<div class=\"elementor-widget-container\">\n\t\t\t\t\t\t\t\t\t<h1 style=\"text-align: center;\">&nbsp;<\/h1>\n<p style=\"font-family: Roboto, sans-serif; font-size: 16px; font-weight: 400; font-style: normal; text-align: center;\"><span style=\"font-family: Roboto, sans-serif; font-size: 16px; font-weight: 400; font-style: normal;\">\u2665\u2665\u2665<\/span><\/p>\n<p style=\"text-align: center;\">Bei Interesse an einem Welpen aus unserer Zucht, ist eine fr\u00fchzeitige Kontaktaufnahme empfehlenswert.<\/p>\n<p style=\"text-align: center;\">Aktuell sind in unserer Planung nur Havaneserwelpen geplant, es sind aber Wartezeiten bis zu einem Jahr oder l\u00e4nger m\u00f6glich! Somit ist gen\u00fcgend Zeit f\u00fcr einen Kennenlerntermin \ud83d\ude42<\/p>\n<p style=\"text-align: center;\"><span style=\"font-family: Roboto, sans-serif; font-size: 16px; font-style: normal; font-weight: 400;\">\u2665\u2665\u2665<\/span><br><\/p>\t\t\t\t\t\t\t\t<\/div>\n\t\t\t\t<\/div>\n\t\t\t\t<div class=\"elementor-element elementor-element-1eb5418 elementor-widget elementor-widget-text-editor\" data-id=\"1eb5418\" data-element_type=\"widget\" data-widget_type=\"text-editor.default\">\n\t\t\t\t<div class=\"elementor-widget-container\">\n\t\t\t\t\t\t\t\t\t<h1 style=\"text-align: center;\">&nbsp;\u2665\u2665\u2665<\/h1>\t\t\t\t\t\t\t\t<\/div>\n\t\t\t\t<\/div>\n\t\t\t\t\t<\/div>\n\t\t<\/div>\n\t\t\t\t\t<\/div>\n\t\t<\/section>\n\t\t\t\t<\/div>\n\t\t","protected":false},"excerpt":{"rendered":"<p>&nbsp; \u2665\u2665\u2665 Bei Interesse an einem Welpen aus unserer Zucht, ist eine fr\u00fchzeitige Kontaktaufnahme empfehlenswert. Aktuell sind in unserer Planung nur Havaneserwelpen geplant, es sind aber Wartezeiten bis zu einem Jahr oder l\u00e4nger m\u00f6glich! Somit ist gen\u00fcgend Zeit f\u00fcr einen Kennenlerntermin \ud83d\ude42 \u2665\u2665\u2665 &nbsp;\u2665\u2665\u2665<\/p>\n","protected":false},"author":2,"featured_media":0,"parent":164,"menu_order":9,"comment_status":"closed","ping_status":"closed","template":"","meta":{"footnotes":""},"class_list":["post-421","page","type-page","status-publish","hentry","without-featured-image"],"_links":{"self":[{"href":"https:\/\/schutternerbaerle.de\/index.php?rest_route=\/wp\/v2\/pages\/421","targetHints":{"allow":["GET"]}}],"collection":[{"href":"https:\/\/schutternerbaerle.de\/index.php?rest_route=\/wp\/v2\/pages"}],"about":[{"href":"https:\/\/schutternerbaerle.de\/index.php?rest_route=\/wp\/v2\/types\/page"}],"author":[{"embeddable":true,"href":"https:\/\/schutternerbaerle.de\/index.php?rest_route=\/wp\/v2\/users\/2"}],"replies":[{"embeddable":true,"href":"https:\/\/schutternerbaerle.de\/index.php?rest_route=%2Fwp%2Fv2%2Fcomments&post=421"}],"version-history":[{"count":114,"href":"https:\/\/schutternerbaerle.de\/index.php?rest_route=\/wp\/v2\/pages\/421\/revisions"}],"predecessor-version":[{"id":6024,"href":"https:\/\/schutternerbaerle.de\/index.php?rest_route=\/wp\/v2\/pages\/421\/revisions\/6024"}],"up":[{"embeddable":true,"href":"https:\/\/schutternerbaerle.de\/index.php?rest_route=\/wp\/v2\/pages\/164"}],"wp:attachment":[{"href":"https:\/\/schutternerbaerle.de\/index.php?rest_route=%2Fwp%2Fv2%2Fmedia&parent=421"}],"curies":[{"name":"wp","href":"https:\/\/api.w.org\/{rel}","templated":true}]}}