{"id":56,"date":"2016-05-25T12:39:54","date_gmt":"2016-05-25T11:39:54","guid":{"rendered":"https:\/\/schutternerbaerle.de\/?page_id=56"},"modified":"2020-05-20T09:20:30","modified_gmt":"2020-05-20T08:20:30","slug":"welpen","status":"publish","type":"page","link":"https:\/\/schutternerbaerle.de\/?page_id=56","title":{"rendered":"Welpenausstattung"},"content":{"rendered":"\t\t<div data-elementor-type=\"wp-post\" data-elementor-id=\"56\" class=\"elementor elementor-56 elementor-bc-flex-widget\">\n\t\t\t\t\t\t<section class=\"elementor-section elementor-top-section elementor-element elementor-element-28c7e1da elementor-section-boxed elementor-section-height-default elementor-section-height-default\" data-id=\"28c7e1da\" data-element_type=\"section\">\n\t\t\t\t\t\t<div class=\"elementor-container elementor-column-gap-default\">\n\t\t\t\t\t<div class=\"elementor-column elementor-col-100 elementor-top-column elementor-element elementor-element-57ac86e7\" data-id=\"57ac86e7\" data-element_type=\"column\">\n\t\t\t<div class=\"elementor-widget-wrap elementor-element-populated\">\n\t\t\t\t\t\t<div class=\"elementor-element elementor-element-69006209 elementor-widget elementor-widget-text-editor\" data-id=\"69006209\" data-element_type=\"widget\" data-widget_type=\"text-editor.default\">\n\t\t\t\t<div class=\"elementor-widget-container\">\n\t\t\t\t\t\t\t\t\t<h6 style=\"text-align: center;\">\u00a0<\/h6><p style=\"text-align: center;\">Sie werden mit einer Grundausstattung, einer Ahnentafel, gechipt und geimpft pers\u00f6nlich von ihrer Mama ins neue zuhause gebracht.<\/p><p style=\"text-align: center;\">\ud83d\ude42<\/p><p style=\"text-align: center;\">Diese Grundausstattung(farblich ver\u00e4nderbar) und nat\u00fcrlich Futter f\u00fcr die ersten Tage und ein paar \u00dcberraschungen bekommen unsere B\u00e4rle mit in ihr neues Zuhause!\u00a0<\/p><p style=\"text-align: center;\">Somit sind sie erstmal ausgestattet f\u00fcr den Start in ihren neuen Familien \ud83d\ude42<\/p><p>\u00a0<\/p>\t\t\t\t\t\t\t\t<\/div>\n\t\t\t\t<\/div>\n\t\t\t\t<div class=\"elementor-element elementor-element-dd86ac4 elementor-widget elementor-widget-image\" data-id=\"dd86ac4\" data-element_type=\"widget\" data-widget_type=\"image.default\">\n\t\t\t\t<div class=\"elementor-widget-container\">\n\t\t\t\t\t\t\t\t\t\t\t\t\t\t\t<img fetchpriority=\"high\" decoding=\"async\" width=\"620\" height=\"620\" src=\"https:\/\/schutternerbaerle.de\/wordpress\/wp-content\/uploads\/2019\/01\/Welpenpaket_2019-1024x1024.jpg\" class=\"attachment-large size-large wp-image-1913\" alt=\"\" srcset=\"https:\/\/schutternerbaerle.de\/wordpress\/wp-content\/uploads\/2019\/01\/Welpenpaket_2019-1024x1024.jpg 1024w, https:\/\/schutternerbaerle.de\/wordpress\/wp-content\/uploads\/2019\/01\/Welpenpaket_2019-150x150.jpg 150w, https:\/\/schutternerbaerle.de\/wordpress\/wp-content\/uploads\/2019\/01\/Welpenpaket_2019-300x300.jpg 300w, https:\/\/schutternerbaerle.de\/wordpress\/wp-content\/uploads\/2019\/01\/Welpenpaket_2019-768x768.jpg 768w, https:\/\/schutternerbaerle.de\/wordpress\/wp-content\/uploads\/2019\/01\/Welpenpaket_2019-90x90.jpg 90w, https:\/\/schutternerbaerle.de\/wordpress\/wp-content\/uploads\/2019\/01\/Welpenpaket_2019-380x380.jpg 380w, https:\/\/schutternerbaerle.de\/wordpress\/wp-content\/uploads\/2019\/01\/Welpenpaket_2019.jpg 1600w\" sizes=\"(max-width: 620px) 100vw, 620px\" \/>\t\t\t\t\t\t\t\t\t\t\t\t\t\t\t<\/div>\n\t\t\t\t<\/div>\n\t\t\t\t\t<\/div>\n\t\t<\/div>\n\t\t\t\t\t<\/div>\n\t\t<\/section>\n\t\t\t\t<section class=\"elementor-section elementor-top-section elementor-element elementor-element-22647b2 elementor-section-boxed elementor-section-height-default elementor-section-height-default\" data-id=\"22647b2\" data-element_type=\"section\">\n\t\t\t\t\t\t<div class=\"elementor-container elementor-column-gap-default\">\n\t\t\t\t\t<div class=\"elementor-column elementor-col-100 elementor-top-column elementor-element elementor-element-a87587e\" data-id=\"a87587e\" data-element_type=\"column\">\n\t\t\t<div class=\"elementor-widget-wrap elementor-element-populated\">\n\t\t\t\t\t\t<div class=\"elementor-element elementor-element-646bc7d elementor-widget elementor-widget-text-editor\" data-id=\"646bc7d\" data-element_type=\"widget\" data-widget_type=\"text-editor.default\">\n\t\t\t\t<div class=\"elementor-widget-container\">\n\t\t\t\t\t\t\t\t\t<ol><li>Ahnentafel<\/li><li>Impfpass<\/li><li>Transportbox<\/li><li>Kissen<\/li><li>Geschirr mit Leine<\/li><li>Schleppleine<\/li><li>B\u00fcrstenset<\/li><li>Fress- und Wassernapf<\/li><li>Microfasertuch<\/li><li style=\"text-align: left;\">div. Spielzeug<\/li><\/ol>\t\t\t\t\t\t\t\t<\/div>\n\t\t\t\t<\/div>\n\t\t\t\t\t<\/div>\n\t\t<\/div>\n\t\t\t\t\t<\/div>\n\t\t<\/section>\n\t\t\t\t<\/div>\n\t\t","protected":false},"excerpt":{"rendered":"<p>\u00a0 Sie werden mit einer Grundausstattung, einer Ahnentafel, gechipt und geimpft pers\u00f6nlich von ihrer Mama ins neue zuhause gebracht. \ud83d\ude42 Diese Grundausstattung(farblich ver\u00e4nderbar) und nat\u00fcrlich Futter f\u00fcr die ersten Tage und ein paar \u00dcberraschungen bekommen unsere B\u00e4rle mit in ihr neues Zuhause!\u00a0 Somit sind sie erstmal ausgestattet f\u00fcr den Start in ihren neuen Familien \ud83d\ude42 [&hellip;]<\/p>\n","protected":false},"author":3,"featured_media":0,"parent":49,"menu_order":2,"comment_status":"closed","ping_status":"closed","template":"","meta":{"footnotes":""},"class_list":["post-56","page","type-page","status-publish","hentry","without-featured-image"],"_links":{"self":[{"href":"https:\/\/schutternerbaerle.de\/index.php?rest_route=\/wp\/v2\/pages\/56","targetHints":{"allow":["GET"]}}],"collection":[{"href":"https:\/\/schutternerbaerle.de\/index.php?rest_route=\/wp\/v2\/pages"}],"about":[{"href":"https:\/\/schutternerbaerle.de\/index.php?rest_route=\/wp\/v2\/types\/page"}],"author":[{"embeddable":true,"href":"https:\/\/schutternerbaerle.de\/index.php?rest_route=\/wp\/v2\/users\/3"}],"replies":[{"embeddable":true,"href":"https:\/\/schutternerbaerle.de\/index.php?rest_route=%2Fwp%2Fv2%2Fcomments&post=56"}],"version-history":[{"count":22,"href":"https:\/\/schutternerbaerle.de\/index.php?rest_route=\/wp\/v2\/pages\/56\/revisions"}],"predecessor-version":[{"id":3121,"href":"https:\/\/schutternerbaerle.de\/index.php?rest_route=\/wp\/v2\/pages\/56\/revisions\/3121"}],"up":[{"embeddable":true,"href":"https:\/\/schutternerbaerle.de\/index.php?rest_route=\/wp\/v2\/pages\/49"}],"wp:attachment":[{"href":"https:\/\/schutternerbaerle.de\/index.php?rest_route=%2Fwp%2Fv2%2Fmedia&parent=56"}],"curies":[{"name":"wp","href":"https:\/\/api.w.org\/{rel}","templated":true}]}}