{"id":5690,"date":"2023-11-05T12:59:04","date_gmt":"2023-11-05T11:59:04","guid":{"rendered":"https:\/\/schutternerbaerle.de\/?page_id=5690"},"modified":"2023-11-06T19:31:06","modified_gmt":"2023-11-06T18:31:06","slug":"sir-cechmo-havaneser","status":"publish","type":"page","link":"https:\/\/schutternerbaerle.de\/?page_id=5690","title":{"rendered":"&#8222;Sir&#8220; Cechmo (HAVANESER)"},"content":{"rendered":"\t\t<div data-elementor-type=\"wp-post\" data-elementor-id=\"5690\" class=\"elementor elementor-5690\">\n\t\t\t\t\t\t<section class=\"elementor-section elementor-top-section elementor-element elementor-element-bf321df elementor-section-boxed elementor-section-height-default elementor-section-height-default\" data-id=\"bf321df\" data-element_type=\"section\">\n\t\t\t\t\t\t<div class=\"elementor-container elementor-column-gap-default\">\n\t\t\t\t\t<div class=\"elementor-column elementor-col-100 elementor-top-column elementor-element elementor-element-1dd175f\" data-id=\"1dd175f\" data-element_type=\"column\">\n\t\t\t<div class=\"elementor-widget-wrap elementor-element-populated\">\n\t\t\t\t\t\t<div class=\"elementor-element elementor-element-69b3b74 elementor-widget elementor-widget-image\" data-id=\"69b3b74\" data-element_type=\"widget\" data-widget_type=\"image.default\">\n\t\t\t\t<div class=\"elementor-widget-container\">\n\t\t\t\t\t\t\t\t\t\t\t\t\t\t\t<img fetchpriority=\"high\" decoding=\"async\" width=\"620\" height=\"686\" src=\"https:\/\/schutternerbaerle.de\/wordpress\/wp-content\/uploads\/2023\/11\/Cechmo_01.jpg\" class=\"attachment-large size-large wp-image-5692\" alt=\"\" srcset=\"https:\/\/schutternerbaerle.de\/wordpress\/wp-content\/uploads\/2023\/11\/Cechmo_01.jpg 925w, https:\/\/schutternerbaerle.de\/wordpress\/wp-content\/uploads\/2023\/11\/Cechmo_01-271x300.jpg 271w, https:\/\/schutternerbaerle.de\/wordpress\/wp-content\/uploads\/2023\/11\/Cechmo_01-768x850.jpg 768w, https:\/\/schutternerbaerle.de\/wordpress\/wp-content\/uploads\/2023\/11\/Cechmo_01-343x380.jpg 343w\" sizes=\"(max-width: 620px) 100vw, 620px\" \/>\t\t\t\t\t\t\t\t\t\t\t\t\t\t\t<\/div>\n\t\t\t\t<\/div>\n\t\t\t\t\t<\/div>\n\t\t<\/div>\n\t\t\t\t\t<\/div>\n\t\t<\/section>\n\t\t\t\t<section class=\"elementor-section elementor-top-section elementor-element elementor-element-0974884 elementor-section-boxed elementor-section-height-default elementor-section-height-default\" data-id=\"0974884\" data-element_type=\"section\">\n\t\t\t\t\t\t<div class=\"elementor-container elementor-column-gap-default\">\n\t\t\t\t\t<div class=\"elementor-column elementor-col-100 elementor-top-column elementor-element elementor-element-38f098c\" data-id=\"38f098c\" data-element_type=\"column\">\n\t\t\t<div class=\"elementor-widget-wrap elementor-element-populated\">\n\t\t\t\t\t\t<div class=\"elementor-element elementor-element-df8fd1d elementor-widget elementor-widget-image\" data-id=\"df8fd1d\" data-element_type=\"widget\" data-widget_type=\"image.default\">\n\t\t\t\t<div class=\"elementor-widget-container\">\n\t\t\t\t\t\t\t\t\t\t\t\t\t\t\t<img decoding=\"async\" width=\"620\" height=\"623\" src=\"https:\/\/schutternerbaerle.de\/wordpress\/wp-content\/uploads\/2023\/11\/Cechmo_02.jpg\" class=\"attachment-large size-large wp-image-5780\" alt=\"\" srcset=\"https:\/\/schutternerbaerle.de\/wordpress\/wp-content\/uploads\/2023\/11\/Cechmo_02.jpg 890w, https:\/\/schutternerbaerle.de\/wordpress\/wp-content\/uploads\/2023\/11\/Cechmo_02-300x300.jpg 300w, https:\/\/schutternerbaerle.de\/wordpress\/wp-content\/uploads\/2023\/11\/Cechmo_02-150x150.jpg 150w, https:\/\/schutternerbaerle.de\/wordpress\/wp-content\/uploads\/2023\/11\/Cechmo_02-768x771.jpg 768w, https:\/\/schutternerbaerle.de\/wordpress\/wp-content\/uploads\/2023\/11\/Cechmo_02-90x90.jpg 90w, https:\/\/schutternerbaerle.de\/wordpress\/wp-content\/uploads\/2023\/11\/Cechmo_02-378x380.jpg 378w\" sizes=\"(max-width: 620px) 100vw, 620px\" \/>\t\t\t\t\t\t\t\t\t\t\t\t\t\t\t<\/div>\n\t\t\t\t<\/div>\n\t\t\t\t\t<\/div>\n\t\t<\/div>\n\t\t\t\t\t<\/div>\n\t\t<\/section>\n\t\t\t\t<section class=\"elementor-section elementor-top-section elementor-element elementor-element-482cdd96 elementor-section-boxed elementor-section-height-default elementor-section-height-default\" data-id=\"482cdd96\" data-element_type=\"section\">\n\t\t\t\t\t\t<div class=\"elementor-container elementor-column-gap-default\">\n\t\t\t\t\t<div class=\"elementor-column elementor-col-100 elementor-top-column elementor-element elementor-element-fddf92a\" data-id=\"fddf92a\" data-element_type=\"column\">\n\t\t\t<div class=\"elementor-widget-wrap elementor-element-populated\">\n\t\t\t\t\t\t<div class=\"elementor-element elementor-element-4d4ff65b elementor-widget elementor-widget-image\" data-id=\"4d4ff65b\" data-element_type=\"widget\" data-widget_type=\"image.default\">\n\t\t\t\t<div class=\"elementor-widget-container\">\n\t\t\t\t\t\t\t\t\t\t\t\t\t\t\t<img decoding=\"async\" width=\"620\" height=\"413\" src=\"https:\/\/schutternerbaerle.de\/wordpress\/wp-content\/uploads\/2023\/11\/Freddy_02-1024x682.jpg\" class=\"attachment-large size-large wp-image-5739\" alt=\"\" srcset=\"https:\/\/schutternerbaerle.de\/wordpress\/wp-content\/uploads\/2023\/11\/Freddy_02-1024x682.jpg 1024w, https:\/\/schutternerbaerle.de\/wordpress\/wp-content\/uploads\/2023\/11\/Freddy_02-300x200.jpg 300w, https:\/\/schutternerbaerle.de\/wordpress\/wp-content\/uploads\/2023\/11\/Freddy_02-768x512.jpg 768w, https:\/\/schutternerbaerle.de\/wordpress\/wp-content\/uploads\/2023\/11\/Freddy_02-1536x1023.jpg 1536w, https:\/\/schutternerbaerle.de\/wordpress\/wp-content\/uploads\/2023\/11\/Freddy_02-570x380.jpg 570w, https:\/\/schutternerbaerle.de\/wordpress\/wp-content\/uploads\/2023\/11\/Freddy_02.jpg 1600w\" sizes=\"(max-width: 620px) 100vw, 620px\" \/>\t\t\t\t\t\t\t\t\t\t\t\t\t\t\t<\/div>\n\t\t\t\t<\/div>\n\t\t\t\t<div class=\"elementor-element elementor-element-45a8bc32 elementor-widget elementor-widget-text-editor\" data-id=\"45a8bc32\" data-element_type=\"widget\" data-widget_type=\"text-editor.default\">\n\t\t\t\t<div class=\"elementor-widget-container\">\n\t\t\t\t\t\t\t\t\t<h2 style=\"text-align: center; padding-left: 30px;\"><b>&#8222;<\/b><span style=\"font-size: 21px; font-weight: bold; color: var( --e-global-color-text );\">Sir<\/span><b style=\"font-size: 2.1rem; font-style: inherit; color: var( --e-global-color-text );\">&#8220; cechmo the sun from rodenberg<\/b><\/h2>\n<p><\/p>\n<hr>\n<h4 style=\"text-align: center;\"><span style=\"text-decoration: underline;\"><strong>Steckbrief:<\/strong><\/span><\/h4>\n<p style=\"color: #333333; font-size: 13px; font-style: normal; font-weight: 400; font-family: 'Trebuchet MS', Arial, Helvetica, sans-serif; text-align: center; margin-top: 13px !important; margin-bottom: 16px !important;\"><span style=\"color: #7a7a7a; font-family: Roboto, sans-serif; font-size: 16px; font-style: normal; font-weight: 400;\">Wurftag : 11.06.2021<\/span><\/p>\n<p style=\"color: #333333; font-size: 13px; font-style: normal; font-weight: 400; font-family: 'Trebuchet MS', Arial, Helvetica, sans-serif; text-align: center; margin-top: 3px !important; margin-bottom: 13px !important;\"><span style=\"color: #7a7a7a; font-family: Roboto, sans-serif; font-size: 16px; font-style: normal; font-weight: 400;\">Gr\u00f6\u00dfe\/L\u00e4nge:&nbsp; 29cm \/ 30cm<\/span><\/p>\n<p style=\"color: #333333; font-size: 13px; font-style: normal; font-weight: 400; font-family: 'Trebuchet MS', Arial, Helvetica, sans-serif; text-align: center; margin-top: 3px !important; margin-bottom: 13px !important;\"><span style=\"color: #7a7a7a; font-family: Roboto, sans-serif; font-size: 16px; font-style: normal; font-weight: 400;\">Gewicht: ca. 6 kg<\/span><\/p>\n<p style=\"color: #333333; font-size: 13px; font-style: normal; font-weight: 400; font-family: 'Trebuchet MS', Arial, Helvetica, sans-serif; text-align: center; margin-top: 3px !important; margin-bottom: 13px !important;\"><span style=\"color: #7a7a7a; font-family: Roboto, sans-serif; font-size: 16px; font-style: normal; font-weight: 400;\">Farbe: rot-zobel<\/span><\/p>\n<p style=\"color: #333333; font-size: 13px; font-style: normal; font-weight: 400; font-family: 'Trebuchet MS', Arial, Helvetica, sans-serif; text-align: center; margin-top: 3px !important; margin-bottom: 13px !important;\"><span style=\"color: #7a7a7a; font-family: Roboto, sans-serif; font-size: 16px; font-style: normal; font-weight: 400;\">Patella: 0\/0<\/span><\/p>\n<p style=\"color: #333333; font-size: 13px; font-style: normal; font-weight: 400; font-family: 'Trebuchet MS', Arial, Helvetica, sans-serif; text-align: center; margin-top: 3px !important; margin-bottom: 13px !important;\"><span style=\"color: #7a7a7a; font-family: Roboto, sans-serif; font-size: 16px; font-style: normal; font-weight: 400;\">Gebiss: Schere\/VZ<\/span><\/p>\n<p style=\"color: #333333; font-size: 13px; font-style: normal; font-weight: 400; font-family: 'Trebuchet MS', Arial, Helvetica, sans-serif; text-align: center; margin-top: 3px !important; margin-bottom: 13px !important;\"><span style=\"color: #7a7a7a; font-family: Roboto, sans-serif; font-size: 16px; font-style: normal; font-weight: 400;\">PRA-CEA-RD-PHTVL\/PHPV-Katarakt: frei<\/span><\/p>\n<p style=\"color: #333333; font-size: 13px; font-style: normal; font-weight: 400; font-family: 'Trebuchet MS', Arial, Helvetica, sans-serif; text-align: center; margin-top: 13px !important; margin-bottom: 13px !important;\"><span style=\"color: #7a7a7a; font-family: Roboto, sans-serif; font-size: 16px; font-style: normal; font-weight: 400;\">Kein Kurzhaartr\u00e4ger<\/span><\/p>\n<p style=\"color: #333333; font-size: 13px; font-style: normal; font-weight: 400; font-family: 'Trebuchet MS', Arial, Helvetica, sans-serif; text-align: center; margin-top: 13px !important; margin-bottom: 13px !important;\"><span style=\"color: #7a7a7a; font-family: Roboto, sans-serif; font-size: 16px; font-style: normal; font-weight: 400;\">Kein Haemophilie-Tr\u00e4ger<\/span><\/p>\n<p style=\"color: #333333; font-size: 13px; font-style: normal; font-weight: 400; font-family: 'Trebuchet MS', Arial, Helvetica, sans-serif; text-align: center; margin-top: 13px !important; margin-bottom: 13px !important;\"><span style=\"font-family: Roboto, sans-serif; font-size: 16px; font-style: normal; font-weight: 400; color: #7a7a7a;\">DNA-Profil:&nbsp;<\/span><span style=\"color: #7a7a7a; font-family: Roboto, sans-serif; font-size: 16px; font-style: normal; font-weight: 400;\">vorhanden<\/span><\/p>\n<p style=\"color: #333333; font-size: 13px; font-style: normal; font-weight: 400; font-family: 'Trebuchet MS', Arial, Helvetica, sans-serif; text-align: center; margin-top: 13px !important; margin-bottom: 13px !important;\"><span style=\"color: #7a7a7a; font-family: Roboto, sans-serif; font-size: 16px; font-style: normal; font-weight: 400;\">DOK Augen Untersuchung: Frei von vererbbaren Augenkrankheiten<\/span><\/p>\n<p style=\"color: #333333; font-size: 13px; font-style: normal; font-weight: 400; font-family: 'Trebuchet MS', Arial, Helvetica, sans-serif; text-align: center; margin-top: 13px !important; margin-bottom: 13px !important;\"><span style=\"color: #7a7a7a; font-family: Roboto, sans-serif; font-size: 16px; font-style: normal; font-weight: 400;\">&nbsp;<\/span><\/p>\n<p style=\"text-align: center;\"><strong>Mein Frauchen hei\u00dft:<\/strong><\/p>\n<p style=\"text-align: center;\">Jessy Jundt<\/p>\n<p style=\"text-align: center;\">Mobil.:0174-6824887<\/p>\n<p style=\"text-align: center;\">Mail: jessy.jundt@web.de<\/p>\n<hr>\n<h4 style=\"text-align: center;\">&nbsp;<\/h4>\t\t\t\t\t\t\t\t<\/div>\n\t\t\t\t<\/div>\n\t\t\t\t\t<\/div>\n\t\t<\/div>\n\t\t\t\t\t<\/div>\n\t\t<\/section>\n\t\t\t\t<section class=\"elementor-section elementor-top-section elementor-element elementor-element-1241a8a6 elementor-section-boxed elementor-section-height-default elementor-section-height-default\" data-id=\"1241a8a6\" data-element_type=\"section\">\n\t\t\t\t\t\t<div class=\"elementor-container elementor-column-gap-default\">\n\t\t\t\t\t<div class=\"elementor-column elementor-col-100 elementor-top-column elementor-element elementor-element-48e3e699\" data-id=\"48e3e699\" data-element_type=\"column\">\n\t\t\t<div class=\"elementor-widget-wrap elementor-element-populated\">\n\t\t\t\t\t\t<div class=\"elementor-element elementor-element-67390a7d elementor-widget-divider--view-line elementor-widget elementor-widget-divider\" data-id=\"67390a7d\" data-element_type=\"widget\" data-widget_type=\"divider.default\">\n\t\t\t\t<div class=\"elementor-widget-container\">\n\t\t\t\t\t\t\t<div class=\"elementor-divider\">\n\t\t\t<span class=\"elementor-divider-separator\">\n\t\t\t\t\t\t<\/span>\n\t\t<\/div>\n\t\t\t\t\t\t<\/div>\n\t\t\t\t<\/div>\n\t\t\t\t\t<\/div>\n\t\t<\/div>\n\t\t\t\t\t<\/div>\n\t\t<\/section>\n\t\t\t\t<\/div>\n\t\t","protected":false},"excerpt":{"rendered":"<p>&#8222;Sir&#8220; cechmo the sun from rodenberg Steckbrief: Wurftag : 11.06.2021 Gr\u00f6\u00dfe\/L\u00e4nge:&nbsp; 29cm \/ 30cm Gewicht: ca. 6 kg Farbe: rot-zobel Patella: 0\/0 Gebiss: Schere\/VZ PRA-CEA-RD-PHTVL\/PHPV-Katarakt: frei Kein Kurzhaartr\u00e4ger Kein Haemophilie-Tr\u00e4ger DNA-Profil:&nbsp;vorhanden DOK Augen Untersuchung: Frei von vererbbaren Augenkrankheiten &nbsp; Mein Frauchen hei\u00dft: Jessy Jundt Mobil.:0174-6824887 Mail: jessy.jundt@web.de &nbsp;<\/p>\n","protected":false},"author":2,"featured_media":0,"parent":444,"menu_order":2,"comment_status":"closed","ping_status":"closed","template":"","meta":{"footnotes":""},"class_list":["post-5690","page","type-page","status-publish","hentry","without-featured-image"],"_links":{"self":[{"href":"https:\/\/schutternerbaerle.de\/index.php?rest_route=\/wp\/v2\/pages\/5690","targetHints":{"allow":["GET"]}}],"collection":[{"href":"https:\/\/schutternerbaerle.de\/index.php?rest_route=\/wp\/v2\/pages"}],"about":[{"href":"https:\/\/schutternerbaerle.de\/index.php?rest_route=\/wp\/v2\/types\/page"}],"author":[{"embeddable":true,"href":"https:\/\/schutternerbaerle.de\/index.php?rest_route=\/wp\/v2\/users\/2"}],"replies":[{"embeddable":true,"href":"https:\/\/schutternerbaerle.de\/index.php?rest_route=%2Fwp%2Fv2%2Fcomments&post=5690"}],"version-history":[{"count":37,"href":"https:\/\/schutternerbaerle.de\/index.php?rest_route=\/wp\/v2\/pages\/5690\/revisions"}],"predecessor-version":[{"id":5783,"href":"https:\/\/schutternerbaerle.de\/index.php?rest_route=\/wp\/v2\/pages\/5690\/revisions\/5783"}],"up":[{"embeddable":true,"href":"https:\/\/schutternerbaerle.de\/index.php?rest_route=\/wp\/v2\/pages\/444"}],"wp:attachment":[{"href":"https:\/\/schutternerbaerle.de\/index.php?rest_route=%2Fwp%2Fv2%2Fmedia&parent=5690"}],"curies":[{"name":"wp","href":"https:\/\/api.w.org\/{rel}","templated":true}]}}